{"id":17850,"date":"2020-09-23T13:52:34","date_gmt":"2020-09-23T18:52:34","guid":{"rendered":"http:\/\/elearning.laica.co.cr\/nuevo\/register\/"},"modified":"2022-08-12T07:58:03","modified_gmt":"2022-08-12T12:58:03","slug":"register","status":"publish","type":"page","link":"https:\/\/elearning.laica.cr\/nuevo\/register\/","title":{"rendered":"Register"},"content":{"rendered":"\n<div class=\"um um-register um-18257\">\n\t<div class=\"um-form\" data-mode=\"register\">\n\t\t<form method=\"post\" action=\"\">\n\t\t\t<div class=\"um-row _um_row_1 \" style=\"margin: 0 0 30px 0;\"><div class=\"um-col-1\"><div  id=\"um_field_18257_user_email\" class=\"um-field um-field-text  um-field-user_email um-field-text um-field-type_text\" data-key=\"user_email\"><div class=\"um-field-label\"><label for=\"user_email-18257\">Correo electr\u00f3nico<span class=\"um-req\" title=\"Obligatorio\">*<\/span><\/label><div class=\"um-clear\"><\/div><\/div><div class=\"um-field-area\"><input  autocomplete=\"off\" class=\"um-form-field valid \" type=\"text\" name=\"user_email-18257\" id=\"user_email-18257\" value=\"\" placeholder=\"Introduce un correo electr\u00f3nico v\u00e1lido\" data-validate=\"unique_email\" data-key=\"user_email\"  aria-invalid=\"false\" \/>\n\n\t\t\t\t\t\t<\/div><\/div><div  id=\"um_field_18257_user_password\" class=\"um-field um-field-password  um-field-user_password um-field-password um-field-type_password\" data-key=\"user_password\"><div class=\"um-field-label\"><label for=\"user_password-18257\">Contrase\u00f1a<span class=\"um-req\" title=\"Obligatorio\">*<\/span><\/label><div class=\"um-clear\"><\/div><\/div><div class=\"um-field-area\"><input class=\"um-form-field valid \" type=\"password\" name=\"user_password-18257\" id=\"user_password-18257\" value=\"\" placeholder=\"Introduce una contrase\u00f1a\" data-validate=\"\" data-key=\"user_password\"  aria-invalid=\"false\" \/>\n\n\t\t\t\t\t\t\t<\/div><\/div><div  id=\"um_field_18257_confirm_user_password\" class=\"um-field um-field-password  um-field-user_password um-field-password um-field-type_password\" data-key=\"confirm_user_password\"><div class=\"um-field-label\"><label for=\"confirm_user_password-18257\">Confirmar Contrase\u00f1a<span class=\"um-req\" title=\"Obligatorio\">*<\/span><\/label><div class=\"um-clear\"><\/div><\/div><div class=\"um-field-area\"><input class=\"um-form-field valid \" type=\"password\" name=\"confirm_user_password-18257\" id=\"confirm_user_password-18257\" value=\"\" placeholder=\"Confirmar Contrase\u00f1a\" data-validate=\"\" data-key=\"confirm_user_password\"  aria-invalid=\"false\" \/><\/div><\/div><div  id=\"um_field_18257_user_login\" class=\"um-field um-field-text  um-is-conditional um-field-user_login um-field-text um-field-type_text\" data-key=\"user_login\" data-cond-0-action=\"hide\" data-cond-0-field=\"user_email\" data-cond-0-operator=\"empty\" data-cond-0-value=\"\" data-cond-1-action=\"hide\" data-cond-1-field=\"user_email\" data-cond-1-operator=\"not empty\" data-cond-1-value=\"\"><div class=\"um-field-label\"><label for=\"user_login-18257\">Usuario<\/label><div class=\"um-clear\"><\/div><\/div><div class=\"um-field-area\"><input  disabled=\"disabled\"  autocomplete=\"off\" class=\"um-form-field valid not-required \" type=\"text\" name=\"user_login-18257\" id=\"user_login-18257\" value=\"\" placeholder=\"Nombre de usuario\" data-validate=\"unique_username\" data-key=\"user_login\"  aria-invalid=\"false\" \/>\n\n\t\t\t\t\t\t<\/div><input type=\"hidden\" name=\"user_login-18257\" value=\"\"\/><\/div><\/div><div class=\"um-col-1\"><div  id=\"um_field_18257_first_name\" class=\"um-field um-field-text  um-field-first_name um-field-text um-field-type_text\" data-key=\"first_name\"><div class=\"um-field-label\"><label for=\"first_name-18257\">Nombre<span class=\"um-req\" title=\"Obligatorio\">*<\/span><\/label><div class=\"um-clear\"><\/div><\/div><div class=\"um-field-area\"><input  autocomplete=\"off\" class=\"um-form-field valid \" type=\"text\" name=\"first_name-18257\" id=\"first_name-18257\" value=\"\" placeholder=\"Introduce tu nombre (Colocar acentos si es el caso)\" data-validate=\"\" data-key=\"first_name\"  aria-invalid=\"false\" \/>\n\n\t\t\t\t\t\t<\/div><\/div><div  id=\"um_field_18257_last_name\" class=\"um-field um-field-text  um-field-last_name um-field-text um-field-type_text\" data-key=\"last_name\"><div class=\"um-field-label\"><label for=\"last_name-18257\">Apellidos<\/label><div class=\"um-clear\"><\/div><\/div><div class=\"um-field-area\"><input  autocomplete=\"off\" class=\"um-form-field valid not-required \" type=\"text\" name=\"last_name-18257\" id=\"last_name-18257\" value=\"\" placeholder=\"Introduce tu apellido (Colocar acentos si es el caso)\" data-validate=\"\" data-key=\"last_name\"  aria-invalid=\"false\" \/>\n\n\t\t\t\t\t\t<\/div><\/div><div  id=\"um_field_18257_user_genero\" class=\"um-field um-field-select  um-field-user_genero um-field-select um-field-type_select\" data-key=\"user_genero\"><div class=\"um-field-label\"><label for=\"user_genero-18257\">G\u00e9nero<span class=\"um-req\" title=\"Obligatorio\">*<\/span><\/label><div class=\"um-clear\"><\/div><\/div><div class=\"um-field-area  \"><select data-default=\"\"     name=\"user_genero\" id=\"user_genero\" data-validate=\"\" data-key=\"user_genero\" class=\"um-form-field valid um-s1 \" style=\"width: 100%\" data-placeholder=\"Selecciona una opci\u00f3n...\"   aria-invalid=\"false\" ><option value=\"\"><\/option><option value=\"Femenino\" >Femenino<\/option><option value=\"Masculino\" >Masculino<\/option><option value=\"Persona no binaria\" >Persona no binaria<\/option><option value=\"Otro\" >Otro<\/option><\/select><\/div><\/div><div  id=\"um_field_18257_genero_otro\" class=\"um-field um-field-text  um-is-conditional um-field-genero_otro um-field-text um-field-type_text\" data-key=\"genero_otro\" data-cond-0-action=\"show\" data-cond-0-field=\"user_genero\" data-cond-0-operator=\"equals to\" data-cond-0-value=\"Otro\"><div class=\"um-field-label\"><label for=\"genero_otro-18257\">Ind\u00edque<span class=\"um-req\" title=\"Obligatorio\">*<\/span><\/label><div class=\"um-clear\"><\/div><\/div><div class=\"um-field-area\"><input  autocomplete=\"off\" class=\"um-form-field valid \" type=\"text\" name=\"genero_otro-18257\" id=\"genero_otro-18257\" value=\"\" placeholder=\"\" data-validate=\"\" data-key=\"genero_otro\"  aria-invalid=\"false\" \/>\n\n\t\t\t\t\t\t<\/div><\/div><\/div><div class=\"um-col-1\"><div  id=\"um_field_18257_user_region\" class=\"um-field um-field-select  um-field-user_region um-field-select um-field-type_select\" data-key=\"user_region\"><div class=\"um-field-label\"><label for=\"user_region-18257\">Regi\u00f3n<span class=\"um-req\" title=\"Obligatorio\">*<\/span><\/label><div class=\"um-clear\"><\/div><\/div><div class=\"um-field-area  \"><select data-default=\"\"     name=\"user_region\" id=\"user_region\" data-validate=\"\" data-key=\"user_region\" class=\"um-form-field valid um-s1 \" style=\"width: 100%\" data-placeholder=\"Selecciona una opci\u00f3n...\"   aria-invalid=\"false\" ><option value=\"\"><\/option><option value=\"Regi\u00f3n San Jos\u00e9, Heredia, Cartago\" >Regi\u00f3n San Jos\u00e9, Heredia, Cartago<\/option><option value=\"Regi\u00f3n Guanacaste\" >Regi\u00f3n Guanacaste<\/option><option value=\"Regi\u00f3n Puntarenas\" >Regi\u00f3n Puntarenas<\/option><option value=\"Regi\u00f3n San Carlos y los Chiles\" >Regi\u00f3n San Carlos y los Chiles<\/option><option value=\"Regi\u00f3n Grecia, San Ram\u00f3n y Alajuela\" >Regi\u00f3n Grecia, San Ram\u00f3n y Alajuela<\/option><option value=\"Regi\u00f3n Turrialba y Lim\u00f3n\" >Regi\u00f3n Turrialba y Lim\u00f3n<\/option><option value=\"Regi\u00f3n Perez Zeled\u00f3n y Buenos Aires\" >Regi\u00f3n Perez Zeled\u00f3n y Buenos Aires<\/option><\/select><\/div><\/div><div  id=\"um_field_18257_user_perfil\" class=\"um-field um-field-select  um-field-user_perfil um-field-select um-field-type_select\" data-key=\"user_perfil\"><div class=\"um-field-label\"><label for=\"user_perfil-18257\">Perfil<span class=\"um-req\" title=\"Obligatorio\">*<\/span><\/label><div class=\"um-clear\"><\/div><\/div><div class=\"um-field-area  \"><select data-default=\"\"     name=\"user_perfil\" id=\"user_perfil\" data-validate=\"\" data-key=\"user_perfil\" class=\"um-form-field valid um-s1 \" style=\"width: 100%\" data-placeholder=\"Selecciona una opci\u00f3n...\"   aria-invalid=\"false\" ><option value=\"\"><\/option><option value=\"Productor(a) de Ca\u00f1a\" >Productor(a) de Ca\u00f1a<\/option><option value=\"Familiar de productor\" >Familiar de productor<\/option><option value=\"Transportista\" >Transportista<\/option><option value=\"Proveedor de LAICA\" >Proveedor de LAICA<\/option><option value=\"Proveedor de Ingenio\" >Proveedor de Ingenio<\/option><option value=\"Proveedor de C\u00e1mara de Productores\" >Proveedor de C\u00e1mara de Productores<\/option><option value=\"Empleado de LAICA\" >Empleado de LAICA<\/option><option value=\"Empleado de Ingenio\" >Empleado de Ingenio<\/option><option value=\"Empleado de productor\" >Empleado de productor<\/option><option value=\"Empleado de C\u00e1mara de Productores\" >Empleado de C\u00e1mara de Productores<\/option><option value=\"Empleado de FEDECA\u00d1A\" >Empleado de FEDECA\u00d1A<\/option><option value=\"Comunidad\" >Comunidad<\/option><option value=\"Escuela\" >Escuela<\/option><option value=\"Ingenio\" >Ingenio<\/option><option value=\"Otro\" >Otro<\/option><\/select><\/div><\/div><div  id=\"um_field_18257_user_ingenio\" class=\"um-field um-field-select  um-is-conditional um-field-user_ingenio um-field-select um-field-type_select\" data-key=\"user_ingenio\" data-cond-0-action=\"show\" data-cond-0-field=\"user_perfil\" data-cond-0-operator=\"equals to\" data-cond-0-value=\"Ingenio\" data-cond-1-action=\"show\" data-cond-1-field=\"user_perfil\" data-cond-1-operator=\"equals to\" data-cond-1-value=\"Proveedor de Ingenio\" data-cond-2-action=\"show\" data-cond-2-field=\"user_perfil\" data-cond-2-operator=\"equals to\" data-cond-2-value=\"Empleado de Ingenio\"><div class=\"um-field-label\"><label for=\"user_ingenio-18257\">Ingenio<\/label><div class=\"um-clear\"><\/div><\/div><div class=\"um-field-area  \"><select data-default=\"\"     name=\"user_ingenio\" id=\"user_ingenio\" data-validate=\"\" data-key=\"user_ingenio\" class=\"um-form-field valid not-required um-s1 \" style=\"width: 100%\" data-placeholder=\"Selecciona una opci\u00f3n...\"   aria-invalid=\"false\" ><option value=\"\"><\/option><option value=\"Providencia\" >Providencia<\/option><option value=\"Porvenir\" >Porvenir<\/option><option value=\"Catsa\" >Catsa<\/option><option value=\"Taboga\" >Taboga<\/option><option value=\"Cutris\" >Cutris<\/option><option value=\"Quebrada Azul\" >Quebrada Azul<\/option><option value=\"Coopevictoria\" >Coopevictoria<\/option><option value=\"Coopeagri\" >Coopeagri<\/option><option value=\"Azucarera El Palmar\" >Azucarera El Palmar<\/option><option value=\"Juan Vi\u00f1as\" >Juan Vi\u00f1as<\/option><option value=\"El Viejo\" >El Viejo<\/option><option value=\"San Rafael\" >San Rafael<\/option><\/select><\/div><\/div><\/div><\/div>\n<!-- This file should primarily consist of HTML with a little bit of PHP. -->\n<div class=\"um-field um-field-type_terms_conditions\" data-key=\"use_terms_conditions_agreement\" style=\"display:block;padding:0;\">\n\t<div class=\"um-field-area\">\n\t\t<div class=\"um-gdpr-content\" style=\"display:none;\">\n\t\t\t\n<p><strong>Datos personales y datos personales sensibles que trata la plataforma Cultivando Futuro: Sostenibilidad en el Sector Ca\u00f1ero Azucarero de Costa Rica<br><\/strong>La plataforma Cultivando Futuro: Sostenibilidad en el Sector Ca\u00f1ero Azucarero de Costa Rica como parte del registro de sus usuarios, recabar\u00e1 y tratar\u00e1 datos personales de identificaci\u00f3n, contacto y registro con el \u00fanico prop\u00f3sito de cumplir con las finalidades primarias y necesarias se\u00f1aladas en el presente Aviso.<\/p>\n\n\n\n<p>Le informamos que el tratamiento de los mencionados datos personales tiene como prop\u00f3sito que la plataforma Cultivando Futuro: Sostenibilidad en el Sector Ca\u00f1ero Azucarero de Costa Rica cumpla con las obligaciones derivadas de la relaci\u00f3n que tenemos con usted. Nos comprometemos a que los mismos ser\u00e1n tratados bajo estrictas medidas de seguridad, siempre garantizando su confidencialidad.<\/p>\n\n\n\n<p><strong>Finalidades Primarias<br><\/strong>La plataforma Cultivando Futuro: Sostenibilidad en el Sector Ca\u00f1ero Azucarero de Costa Rica utilizar\u00e1 sus datos personales para las siguientes finalidades:<\/p>\n\n\n\n<p>Para reportar semanal, mensual o anualmente sobre indicadores del uso de la plataforma (n\u00famero de usuarios, n\u00famero de cursos terminados, usuarios por pa\u00eds, sectores que han participado, puestos laborales de los usuarios \u2013en cifras totales\u2013)<br>Para enviarle informaci\u00f3n sobre asuntos administrativos o cambios en el uso de la plataforma.<br>Para informarle de nuevos cursos, promociones y disposiciones de la plataforma.<br>Para prestarle todos los servicios de apoyo y asesor\u00eda.<br>\u2022 Para realizar estudios estad\u00edsticos de utilidad para LAICA en materia de cobertura de capacitaci\u00f3n.<br><\/p>\n\n\n\n<p><strong>Transferencias<\/strong><br>La plataforma Cultivando Futuro: Sostenibilidad en el Sector Ca\u00f1ero Azucarero de Costa Rica para cumplir las finalidades necesarias anteriormente descritas u otras aquellas exigidas por autoridades competentes, s\u00f3lo transferir\u00e1 los datos necesarios en los casos legalmente previstos.<\/p>\n\n\n\n<p>Le informamos que dicha transferencia no requiere de su consentimiento conforme a la normativa porque las instituciones que forman parte de Integra RSE operan bajo los mismos procesos y pol\u00edticas de respeto a la privacidad.<\/p>\n\n\n\n<p><strong>Medios y procedimientos para Derechos ARCO y Revocaci\u00f3n del Consentimiento<br><\/strong>Usted o su representante legal podr\u00e1 ejercer cualquiera de los derechos de acceso, rectificaci\u00f3n, cancelaci\u00f3n u oposici\u00f3n (en lo sucesivo &#8220;Derechos ARCO&#8221;), as\u00ed como revocar su consentimiento para el tratamiento de sus datos personales enviando un correo electr\u00f3nico al Departamento de Datos Personales de Integra RSE a la direcci\u00f3n electr\u00f3nica contacto@integra\u2013rse.com.<\/p>\n\n\n\n<p>Para poder atender en tiempo y forma sus Derechos ARCO es necesario que en su petici\u00f3n se\u00f1ale lo siguiente:<\/p>\n\n\n\n<p>El nombre del titular y su cuenta de correo electr\u00f3nico para comunicarle la respuesta a su solicitud.<br>Adjuntar el documento que acredite su identidad o, en su caso, la representaci\u00f3n legal del titular.<br>La descripci\u00f3n clara y precisa de los datos personales respecto de los que se busca ejercer alguno de los derechos antes mencionados, y Cualquier otro elemento o documento que facilite la localizaci\u00f3n de los datos personales.<br>Para el caso de las solicitudes de rectificaci\u00f3n el titular deber\u00e1 indicar las modificaciones a realizarse y aportar la documentaci\u00f3n que sustente su petici\u00f3n.<\/p>\n\n\n\n<p>En caso de que la informaci\u00f3n proporcionada sea err\u00f3nea o insuficiente, o bien, no se acompa\u00f1en los documentos de acreditaci\u00f3n correspondientes, el Soporte T\u00e9cnico de la plataforma Cultivando Futuro: Sostenibilidad en el Sector Ca\u00f1ero Azucarero de Costa Rica , dentro de los cinco (5) d\u00edas h\u00e1biles siguientes a la recepci\u00f3n de la solicitud, podr\u00e1 requerirle que aporte los elementos o documentos necesarios para dar tr\u00e1mite a la misma.<\/p>\n\n\n\n<p>Usted contar\u00e1 con diez (10) d\u00edas h\u00e1biles para atender el requerimiento, contados a partir del d\u00eda siguiente en que lo haya recibido. De no dar respuesta en dicho plazo, se tendr\u00e1 por no presentada la solicitud correspondiente.<\/p>\n\n\n\n<p>LAICA le comunicar\u00e1 la determinaci\u00f3n adoptada, en un plazo m\u00e1ximo de veinte (20) d\u00edas h\u00e1biles contados desde la fecha en que se recibi\u00f3 la solicitud, a efecto de que, si resulta procedente, haga efectiva la misma dentro de los quince (15) d\u00edas h\u00e1biles siguientes a que se comunique la respuesta. La respuesta se dar\u00e1 v\u00eda electr\u00f3nica a la direcci\u00f3n de correo que se especifique en la Solicitud.<\/p>\n\n\n\n<p><strong>Limitaci\u00f3n y\/o Divulgaci\u00f3n de sus datos personales<br><\/strong>Usted podr\u00e1 limitar el uso o divulgaci\u00f3n de sus datos personales enviando su solicitud al correo cultivandofuturo@laica.co.cr . Los requisitos para acreditar su identidad, as\u00ed como el procedimiento para atender su solicitud se regir\u00e1n por los mismos criterios se\u00f1alados en el apartado anterior.<\/p>\n\n\n\n<p>En caso de que su solicitud resulte procedente, LAICA lo registrar\u00e1 en el listado de exclusi\u00f3n para la finalidad para la cual es aplicable la exclusi\u00f3n.<\/p>\n\n\n\n<p><strong>Uso de cookies o Web Beacons<br><\/strong>En lo que atiende a la informaci\u00f3n que se obtiene mediante la plataforma Cultivando Futuro: Sostenibilidad en el Sector Ca\u00f1ero Azucarero de Costa Rica, se utilizan &#8220;cookies&#8221; as\u00ed como &#8220;beacons&#8221; los cuales son generados autom\u00e1ticamente y graban lo que podr\u00eda ser datos personales cuando se genera una conexi\u00f3n al sitio, as\u00ed como tambi\u00e9n la recopilaci\u00f3n de los siguientes datos: (enti\u00e9ndase por cookies los archivos de texto que son descargados autom\u00e1ticamente y almacenados en el disco duro del equipo de c\u00f3mputo del usuario al navegar la p\u00e1gina de internet espec\u00edfica, los cuales permiten grabar en el servidor de Internet algunos datos; asimismo enti\u00e9ndase por WEB BEACONS, im\u00e1genes insertadas en la p\u00e1gina o correo electr\u00f3nico, que pueden ser utilizadas para monitorear el comportamiento de un visitante, as\u00ed como almacenar informaci\u00f3n sobre la direcci\u00f3n IP del usuario, duraci\u00f3n del tiempo de interacci\u00f3n en la p\u00e1gina.)<\/p>\n\n\n\n<p>&#8211; Nombre y Correo electr\u00f3nico<br>&#8211; Tipo de navegador y sistema operativo<br>&#8211; Direcci\u00f3n de IP<br>&#8211; Fecha, hora y lugar de su visita.<\/p>\n\n\n\n<p><br>Cada usuario puede cambiar la configuraci\u00f3n de las denominadas cookies, mediante un procedimiento dentro del navegador de internet, Cualquier otro sitio que genera la utilizaci\u00f3n de cookies que no sean parte de la plataforma Cultivando Futuro: Sostenibilidad en el Sector Ca\u00f1ero Azucarero de Costa Rica, son enteramente deslindadas de cualquier responsabilidad por la generaci\u00f3n de las mismas.<\/p>\n\n\n\n<p>EEsta plataforma contiene enlaces a otros sitios web de redes asociadas, filiales o terceros, si usted accede a un hiperv\u00ednculo de esos sitios web, tenga en cuenta que estos pueden tener sus propias pol\u00edticas de privacidad y que la plataforma Cultivando Futuro: Sostenibilidad en el Sector Ca\u00f1ero Azucarero de Costa Rica no acepta ninguna responsabilidad derivada de las mismas. Se recomienda que revise dichas pol\u00edticas antes de enviar cualquier informaci\u00f3n personal a esos sitios web. La inclusi\u00f3n de cualquier v\u00ednculo a otros sitios web, no implica la aprobaci\u00f3n o adhesi\u00f3n por parte de la plataforma Cultivando Futuro: Sostenibilidad en el Sector Ca\u00f1ero Azucarero de Costa Rica a esas p\u00e1ginas o su contenido.<\/p>\n\n\n\n<p><strong>Cambios al Aviso de Privacidad de la plataforma Cultivando Futuro: Sostenibilidad en el Sector Ca\u00f1ero Azucarero de Costa Rica<br><\/strong>La plataforma Cultivando Futuro: Sostenibilidad en el Sector Ca\u00f1ero Azucarero de Costa Rica puede modificar, revisar o hacer cambios en el presente aviso en cualquier momento, atendiendo las solicitudes, viables y aceptadas o conforme al a normatividad. En caso de cambios dentro del presente aviso se publicaran a trav\u00e9s de un anuncio en la plataforma o se las haremos llegar al correo que usted nos haya proporcionado.<\/p>\n\n\n\n<p><\/p>\n\n\n\n<p><\/p>\n\n\n\n<p><\/p>\n\t\t<\/div>\n\n\t\t\n\t\t<a href=\"javascript:void(0);\" class=\"um-toggle-gdpr\" data-toggle-state=\"hidden\"\n\t\t   data-toggle-show=\"Mostrar la pol\u00edtica de privacidad\"\n\t\t   data-toggle-hide=\"Ocultar la pol\u00edtica de privacidad\">\n\t\t\tMostrar la pol\u00edtica de privacidad\t\t<\/a>\n\t<\/div>\n\t<div class=\"um-field-area\">\n\n\t\t\n\t\t<label class=\"um-field-checkbox\">\n\t\t\t<input type=\"checkbox\" name=\"use_gdpr_agreement\" value=\"1\">\n\t\t\t<span class=\"um-field-checkbox-state\"><i class=\"um-icon-android-checkbox-outline-blank\"><\/i><\/span>\n\t\t\t<span class=\"um-field-checkbox-option\">Por favor, confirma que est\u00e1s de acuerdo con nuestra pol\u00edtica de privacidad<\/span>\n\t\t<\/label>\n\t\t<div class=\"um-clear\"><\/div>\n\n\t\t\n\t\t<div class=\"um-clear\"><\/div>\n\t<\/div>\n<\/div>\n\t\t<input type=\"hidden\" name=\"form_id\" id=\"form_id_18257\" value=\"18257\" \/>\n\t\n\t<p class=\"um_request_name\">\n\t\t<label for=\"um_request_18257\">Only fill in if you are not human<\/label>\n\t\t<input type=\"hidden\" name=\"um_request\" id=\"um_request_18257\" class=\"input\" value=\"\" size=\"25\" autocomplete=\"off\" \/>\n\t<\/p>\n\n\t<input type=\"hidden\" id=\"_wpnonce\" name=\"_wpnonce\" value=\"13d953423c\" \/><input type=\"hidden\" name=\"_wp_http_referer\" value=\"\/nuevo\/wp-json\/wp\/v2\/pages\/17850\" \/>\n<div class=\"um-field\">\n\t<div class=\"g-recaptcha\" id=\"um-18257\" data-type=\"image\" data-size=\"normal\" data-theme=\"light\" data-sitekey=\"6Le2s5QiAAAAAO7M0uN2MyZnX1HjUoNpLNWu4bvB\"><\/div>\n<\/div>\n\n\n<script type=\"text\/javascript\">\n\t\n\t\tvar onloadCallback = function () {\n\t\t\tjQuery('.g-recaptcha').each( function (i) {\n\t\t\t\tgrecaptcha.render( jQuery(this).attr('id'), {\n\t\t\t\t\t'sitekey': jQuery(this).attr('data-sitekey'),\n\t\t\t\t\t'theme': jQuery(this).attr('data-theme')\n\t\t\t\t});\n\t\t\t});\n\t\t};\n\n\t\tfunction um_recaptcha_refresh() {\n\t\t\tjQuery('.g-recaptcha').html('');\n\t\t\tgrecaptcha.reset();\n\t\t\tonloadCallback();\n\t\t}\n\n\t<\/script>\n\n\t<div class=\"um-col-alt\">\n\n\t\t\n\t\t\t<div class=\"um-center\">\n\t\t\t\t<input type=\"submit\" value=\"Registrarme\" class=\"um-button\" id=\"um-submit-btn\" \/>\n\t\t\t<\/div>\n\n\t\t\n\t\t<div class=\"um-clear\"><\/div>\n\n\t<\/div>\n\n\t\t\t<\/form>\n\t<\/div>\n<\/div>\n<style>\n\t\t<\/style>\n\n\n\n<p><\/p>\n","protected":false},"excerpt":{"rendered":"Correo electr\u00f3nico* Contrase\u00f1a* Confirmar Contrase\u00f1a*Usuario Nombre* Apellidos G\u00e9nero*FemeninoMasculinoPersona no binariaOtroInd\u00edque* Regi\u00f3n*Regi\u00f3n San Jos\u00e9, Heredia, CartagoRegi\u00f3n GuanacasteRegi\u00f3n PuntarenasRegi\u00f3n San Carlos y...","protected":false},"author":1,"featured_media":0,"parent":0,"menu_order":0,"comment_status":"closed","ping_status":"closed","template":"","meta":[],"_links":{"self":[{"href":"https:\/\/elearning.laica.cr\/nuevo\/wp-json\/wp\/v2\/pages\/17850"}],"collection":[{"href":"https:\/\/elearning.laica.cr\/nuevo\/wp-json\/wp\/v2\/pages"}],"about":[{"href":"https:\/\/elearning.laica.cr\/nuevo\/wp-json\/wp\/v2\/types\/page"}],"author":[{"embeddable":true,"href":"https:\/\/elearning.laica.cr\/nuevo\/wp-json\/wp\/v2\/users\/1"}],"replies":[{"embeddable":true,"href":"https:\/\/elearning.laica.cr\/nuevo\/wp-json\/wp\/v2\/comments?post=17850"}],"version-history":[{"count":7,"href":"https:\/\/elearning.laica.cr\/nuevo\/wp-json\/wp\/v2\/pages\/17850\/revisions"}],"predecessor-version":[{"id":23765,"href":"https:\/\/elearning.laica.cr\/nuevo\/wp-json\/wp\/v2\/pages\/17850\/revisions\/23765"}],"wp:attachment":[{"href":"https:\/\/elearning.laica.cr\/nuevo\/wp-json\/wp\/v2\/media?parent=17850"}],"curies":[{"name":"wp","href":"https:\/\/api.w.org\/{rel}","templated":true}]}}